{"id":237641,"date":"2025-06-29T14:29:30","date_gmt":"2025-06-29T14:29:30","guid":{"rendered":"https:\/\/fermeduboutdumonde.org\/product\/certificat-hybride-de-conception-en-permaculture-pdc-2025-2026-anglais\/"},"modified":"2025-10-23T17:46:07","modified_gmt":"2025-10-23T15:46:07","slug":"certificat-hybride-de-conception-en-permaculture-pdc-2025-2026-anglais","status":"publish","type":"product","link":"https:\/\/fermeduboutdumonde.org\/fr\/product\/certificat-hybride-de-conception-en-permaculture-pdc-2025-2026-anglais\/","title":{"rendered":"Certificat hybride de conception en permaculture PDC 2025-2026 (Anglais)"},"content":{"rendered":"<p>Ce cours hybride en ligne et en pr\u00e9sentiel pour le Certificat de Conception en Permaculture (PDC) 2025-2026, offre une exp\u00e9rience d&rsquo;apprentissage compl\u00e8te adapt\u00e9e de l&rsquo;Association de Permaculture du Royaume-Uni. Le programme, totalisant 90 heures (40 heures de th\u00e9orie, 20 heures de pratique de conception, 32 heures d&rsquo;ateliers pratiques), vise \u00e0 fournir aux participants les connaissances et les comp\u00e9tences pour appliquer les principes de permaculture dans leur propre vie. <\/p>\n<p><strong>Contenu et structure du cours<\/strong><br \/>\nLe contenu du cours comprend l&rsquo;\u00e9thique et les principes de la permaculture, les processus de conception, et l&rsquo;application pratique \u00e0 travers des projets de conception en groupe et du travail pratique dans un cadre de jardin. Les sujets abord\u00e9s vont du sol, de l&rsquo;eau, des plantes et de la production alimentaire aux environnements construits, \u00e0 l&rsquo;utilisation des ressources et aux syst\u00e8mes sociaux, y compris la construction communautaire. Le format hybride offre de la flexibilit\u00e9 avec des modules en ligne hebdomadaires commen\u00e7ant en f\u00e9vrier et des ateliers pratiques en pr\u00e9sentiel deux fois par mois les samedis\/dimanches (de 9h \u00e0 13h), alternant entre des sessions en anglais et en fran\u00e7ais.  <\/p>\n<p><strong>Certification et organisation<\/strong><br \/>\nLe cours est certifi\u00e9 par l&rsquo;Association de Permaculture du Royaume-Uni et est organis\u00e9 en collaboration avec divers acteurs de la transition \u00e9cologique et solidaire de la r\u00e9gion. L&rsquo;instructrice principale est Dr. Katy Fox, une anthropologue engag\u00e9e, conceptrice en permaculture et activiste qui a travaill\u00e9 sur des projets de r\u00e9g\u00e9n\u00e9ration socio-\u00e9cologique et co-fond\u00e9 l&rsquo;\u00e9co-site Ferme du bout du monde Arlon. <\/p>\n<p><strong>Tarification et options de paiement<\/strong><br \/>\nLa tarification est une contribution consciente bas\u00e9e sur un &lsquo;prix juste&rsquo; (750 \u20ac) ou un &lsquo;prix solidaire&rsquo; (950 \u20ac). Si tu n&rsquo;es pas s\u00fbr de ta situation en termes de privil\u00e8ge \u00e9conomique, regarde le diagramme &lsquo;Bouteille Verte&rsquo; dans le PDF ci-dessous. <\/p>\n<p>Nous avons \u00e9galement des options de paiement adapt\u00e9es disponibles pour ceux qui font face \u00e0 des difficult\u00e9s financi\u00e8res. Contacte-nous par mail si c&rsquo;est le cas et nous trouverons une solution ensemble. <\/p>\n<p>Ferme du bout du monde asbl n&rsquo;est pas subventionn\u00e9e. Chaque contribution soutient l&rsquo;\u00e9ducation pour la r\u00e9g\u00e9n\u00e9ration. <\/p>\n<p><strong>Processus d&rsquo;inscription<\/strong><br \/>\nL&rsquo;inscription est confirm\u00e9e une fois le paiement re\u00e7u par virement bancaire ou carte de cr\u00e9dit. Merci de lire nos conditions g\u00e9n\u00e9rales.<br \/>\nLes dates des ateliers pratiques pour 2026 seront publi\u00e9es mi-septembre 2025. <\/p>\n<p>Tu trouveras tous les d\u00e9tails sur le cours dans le document ci-dessous :<br \/>\n<span style=\"color: #808080;\"><strong><a style=\"color: #808080;\" href=\"https:\/\/fermeduboutdumonde.org\/wp-content\/uploads\/2025\/07\/Hybrid-Permaculture-Design-Certificate.pdf\">PDF : certificat hybride de conception en permaculture<\/a><\/strong><\/span><\/p>\n","protected":false},"excerpt":{"rendered":"<p>Le cours hybride en ligne et en pr\u00e9sentiel pour le Certificat de Conception en Permaculture (PDC) 2025-2026, offre une exp\u00e9rience d&rsquo;apprentissage compl\u00e8te adapt\u00e9e de l&rsquo;Association de Permaculture du Royaume-Uni. Le programme, totalisant 90 heures (40 heures de th\u00e9orie, 20 heures de pratique de conception, 32 heures d&rsquo;ateliers pratiques), vise \u00e0 fournir aux participants les connaissances et les comp\u00e9tences pour appliquer les principes de permaculture dans leur propre vie. <\/p>\n","protected":false},"featured_media":237153,"comment_status":"open","ping_status":"closed","template":"","meta":{"_et_pb_use_builder":"","_et_pb_old_content":"","_et_gb_content_width":""},"product_brand":[],"product_cat":[40],"product_tag":[],"class_list":{"0":"post-237641","1":"product","2":"type-product","3":"status-publish","4":"has-post-thumbnail","6":"product_cat-cours","8":"first","9":"instock","10":"featured","11":"purchasable","12":"product-type-variable"},"_links":{"self":[{"href":"https:\/\/fermeduboutdumonde.org\/fr\/wp-json\/wp\/v2\/product\/237641","targetHints":{"allow":["GET"]}}],"collection":[{"href":"https:\/\/fermeduboutdumonde.org\/fr\/wp-json\/wp\/v2\/product"}],"about":[{"href":"https:\/\/fermeduboutdumonde.org\/fr\/wp-json\/wp\/v2\/types\/product"}],"replies":[{"embeddable":true,"href":"https:\/\/fermeduboutdumonde.org\/fr\/wp-json\/wp\/v2\/comments?post=237641"}],"wp:featuredmedia":[{"embeddable":true,"href":"https:\/\/fermeduboutdumonde.org\/fr\/wp-json\/wp\/v2\/media\/237153"}],"wp:attachment":[{"href":"https:\/\/fermeduboutdumonde.org\/fr\/wp-json\/wp\/v2\/media?parent=237641"}],"wp:term":[{"taxonomy":"product_brand","embeddable":true,"href":"https:\/\/fermeduboutdumonde.org\/fr\/wp-json\/wp\/v2\/product_brand?post=237641"},{"taxonomy":"product_cat","embeddable":true,"href":"https:\/\/fermeduboutdumonde.org\/fr\/wp-json\/wp\/v2\/product_cat?post=237641"},{"taxonomy":"product_tag","embeddable":true,"href":"https:\/\/fermeduboutdumonde.org\/fr\/wp-json\/wp\/v2\/product_tag?post=237641"}],"curies":[{"name":"wp","href":"https:\/\/api.w.org\/{rel}","templated":true}]}}